{"id":3,"date":"2020-08-06T10:08:43","date_gmt":"2020-08-06T02:08:43","guid":{"rendered":"http:\/\/www.daihocooling.com\/?page_id=3"},"modified":"2020-08-10T17:05:04","modified_gmt":"2020-08-10T09:05:04","slug":"privacy-policy","status":"publish","type":"page","link":"https:\/\/www.daihocooling.com\/fr\/privacy-policy\/","title":{"rendered":"Politique de confidentialit\u00e9"},"content":{"rendered":"<p>Sur http:\/\/bolite.xhlcustomer.com\/  (\u00e0 partir de maintenant, sera appel\u00e9 http:\/\/bolite.xhlcustomer.com\/ ), car la vie priv\u00e9e des visiteurs est de notre grave pr\u00e9occupation. Cette page de politique de confidentialit\u00e9 d\u00e9crit le type d'informations personnelles qui peuvent \u00eatre re\u00e7ues et collect\u00e9es par http:\/\/bolite.xhlcustomer.com\/ et comment les informations seront utilis\u00e9es.<\/p>\r\n<h2 class=\"wp-block-heading\">Annonces sociales et moteurs de recherche<\/h2>\r\n<p>Comme beaucoup d'autres sites professionnels, http:\/\/bolite.xhlcustomer.com\/ Investir dans la publicit\u00e9 sur Internet. Nos partenaires publicitaires comprennent Facebook Ads et Google ds. Afin de maximiser le ROI de la publicit\u00e9 en ligne et de trouver des clients cibles, http:\/\/bolite.xhlcustomer.com\/ a appliqu\u00e9 certains codes de suivi g\u00e9n\u00e9r\u00e9s par ces moteurs de recherche pour enregistrer les adresses IP des utilisateurs et les flux de visualisation des pages.<\/p>\r\n<h2>Donn\u00e9es de contact d'entreprise<\/h2>\r\n<p>Nous collectons toutes les donn\u00e9es de contact d'entreprise envoy\u00e9es par courriel ou formulaires Web sur http:\/\/bolite.xhlcustomer.com\/ de visiteurs. Les donn\u00e9es d'identification et de contact du visiteur saisies seront conserv\u00e9es strictement pour http:\/\/bolite.xhlcustomer.com\/.com utilisation interne. http:\/\/bolite.xhlcustomer.com\/ garantir la s\u00e9curit\u00e9 et l\u2019utilisation appropri\u00e9e de ces donn\u00e9es.<\/p>\r\n<h2>Utilisation des informations<\/h2>\r\n<p>Nous n'utiliserons que vos informations personnelles identifiables comme d\u00e9crit ci-dessous, \u00e0 moins que vous n'ayez express\u00e9ment consenti \u00e0 un autre type d'utilisation, soit au moment o\u00f9 les informations personnelles identifiables sont collect\u00e9es aupr\u00e8s de vous ou par une autre forme de consentement de votre part:<\/p>\r\n<p>Nous utiliserons des informations personnellement identifiables pour compl\u00e9ter toutes les commandes que vous avez plac\u00e9es.<\/p>\r\n<p>Nous utiliserons des informations personnellement identifiables pour vous fournir les services sp\u00e9cifiques que vous avez demand\u00e9s, tels que pour rejoindre un d\u00e9taillant.<\/p>\r\n<p>Nous utiliserons vos informations personnelles pour r\u00e9pondre aux questions que vous nous envoyez.<\/p>\r\n<p>Nous utiliserons vos informations personnelles pour vous envoyer des courriels de temps en temps, tels que des bulletins d'information et des avis sur nos promotions.<\/p>\r\n<p>Nous pouvons divulguer des informations personnellement identifiables comme requis par la loi ou le processus juridique.<\/p>\r\n<p>Nous pouvons divulguer des informations personnellement identifiables pour enqu\u00eater sur la fraude soup\u00e7onn\u00e9e, le harc\u00e8lement ou d'autres violations de toute loi, r\u00e8gle ou r\u00e8glement, ou les termes ou politiques du site Web.<\/p>\r\n<h2>OPTION OUT\/CORRECTIONS<\/h2>\r\n<p>\u00c0 votre demande, nous corrigerons ou mettrons \u00e0 jour vos informations personnelles ;  (b) arr\u00eater d'envoyer des courriels \u00e0 votre adresse \u00e9lectronique; et\/ou (c) d\u00e9sactiver votre compte pour emp\u00eacher tout achat futur via ce compte. Vous pouvez faire ces demandes \u00e0 la section d'information client, ou en t\u00e9l\u00e9phonant, ou en envoyant votre demande par courriel<\/p>\r\n<p>http:\/\/bolite.xhlcustomer.com\/.com du Service Client au <a href=\"mailto:%20Lianshengwu@aliyun.com\">Lianshengwu@aliyun.com<\/a>S'il vous pla\u00eet ne pas envoyer par courriel votre num\u00e9ro de carte de cr\u00e9dit ou d'autres informations sensibles.<\/p>\r\n<h2>Termes et conditions<\/h2>\r\n<h3>1. Application et acceptation des Conditions<\/h3>\r\n<p>Bienvenue sur notre site! Le pr\u00e9sent document est un accord juridiquement contraignant entre vous en tant qu'utilisateur(s) du site (d\u00e9sign\u00e9 sous le nom de &#8220;vous&#8221;, &#8220;votre&#8221; ou &#8220;Utilisateur&#8221; ci-apr\u00e8s) et http:\/\/bolite.xhlcustomer.com\/  &#8212; propri\u00e9taire du site http:\/\/bolite.xhlcustomer.com\/.com.<\/p>\r\n<p>1.1 Votre utilisation de http:\/\/bolite.xhlcustomer.com\/  &#8216; services et produits (collectivement les &#8220;Services&#8221; ci-apr\u00e8s) sont soumis aux termes et conditions contenus dans le pr\u00e9sent document ainsi que la Politique de confidentialit\u00e9 et toutes autres r\u00e8gles et politiques de http:\/\/bolite.xhlcustomer.com\/ qui peut \u00eatre publi\u00e9 byhttp:\/\/bolite.xhlcustomer.com\/ de temps en temps. Le pr\u00e9sent document et les autres r\u00e8gles et politiques de http:\/\/bolite.xhlcustomer.com\/ sont collectivement d\u00e9sign\u00e9s ci-dessous comme &#8220; Conditions&#8221; En acc\u00e9dant http:\/\/bolite.xhlcustomer.com\/ ou en utilisant les Services, vous acceptez d'accepter et d'\u00eatre li\u00e9 par les Conditions. Ne pas utiliser les services ou http:\/\/bolite.xhlcustomer.com\/ si vous n'acceptez pas toutes les Conditions.<\/p>\r\n<p>1.2 Vous ne pouvez pas utiliser les Services et ne pouvez pas accepter les Conditions si (a) vous n'\u00eates pas d'\u00e2ge l\u00e9gal pour conclure un contrat contraignant avec http:\/\/bolite.xhlcustomer.com\/.com ou (b) vous n'\u00eates pas autoris\u00e9 \u00e0 recevoir des Services en vertu des lois de la R\u00e9publique populaire de Chine ou d'autres pays \/ r\u00e9gions, y compris le pays \/ r\u00e9gion dans lequel vous r\u00e9sidez ou \u00e0 partir duquel vous utilisez les Services.<\/p>\r\n<p>1.3 Vous reconnaissez et acceptez que http:\/\/bolite.xhlcustomer.com\/.commay modifier les Conditions \u00e0 tout moment en affichant les Conditions modifi\u00e9es et refaites pertinentes sur http:\/\/bolite.xhlcustomer.com\/.com. En continuant \u00e0 utiliser les Services ou http:\/\/bolite.xhlcustomer.com\/.com Vous acceptez que les Conditions modifi\u00e9es s'appliquent \u00e0 vous.<\/p>\r\n<h3>2. Utilisateurs en g\u00e9n\u00e9ral<\/h3>\r\n<p>2.1 En tant que condition de votre acc\u00e8s et utilisation de http:\/\/bolite.xhlcustomer.com\/ ou Services, vous acceptez de vous conformer \u00e0 toutes les lois et r\u00e9glementations applicables lors de l'utilisation http:\/\/bolite.xhlcustomer.com\/ ou services.<\/p>\r\n<p>2.2 Vous devez lire http:\/\/bolite.xhlcustomer.com\/.com&amp;#8217 Politique de confidentialit\u00e9 qui r\u00e9git la protection et l\u2019utilisation des informations personnelles concernant les utilisateurs en possession de http:\/\/bolite.xhlcustomer.com\/ et nos affili\u00e9s. Vous acceptez les termes de la Politique de confidentialit\u00e9 et acceptez l'utilisation des informations personnelles vous concernant conform\u00e9ment \u00e0 la Politique de confidentialit\u00e9.<\/p>\r\n<p>2.3 Vous acceptez de ne pas entreprendre d'action visant \u00e0 porter atteinte \u00e0 l'int\u00e9grit\u00e9 des syst\u00e8mes informatiques ou des r\u00e9seaux de http:\/\/bolite.xhlcustomer.com\/ et\/ou tout autre Utilisateur ni pour obtenir un acc\u00e8s non autoris\u00e9 \u00e0 de tels syst\u00e8mes informatiques ou r\u00e9seaux.<\/p>\r\n<p>2.4 Vous acceptez de ne tirer aucun avantage de l'utilisation des informations \u00e9num\u00e9r\u00e9es sur http:\/\/bolite.xhlcustomer.com\/ ou re\u00e7u de repr\u00e9sentants de http:\/\/bolite.xhlcustomer.com\/ dans les activit\u00e9s, y compris: la fixation de niveaux de prix, ou des devis de produits et services qui ne sont pas achet\u00e9s \u00e0 http:\/\/bolite.xhlcustomer.com\/.com pr\u00e9parer le contenu du site, r\u00e9diger un contrat ou des accords qui ne sont pas http:\/\/bolite.xhlcustomer.com\/ participation.<\/p>\r\n<h3>3. Produits et prix<\/h3>\r\n<p>3.1 Puisque nous d\u00e9veloppons et am\u00e9liorons continuellement nos produits et services, toute sp\u00e9cification technique, non technique, y compris, mais sans s'y limiter, les pages Web, les tableaux de rapports, les figures, les images, les vid\u00e9os ou les audios de l'un quelconque des produits de http:\/\/bolite.xhlcustomer.com\/ peuvent \u00eatre modifi\u00e9s ou compl\u00e8tement modifi\u00e9s dans les formats et les contenus sans pr\u00e9avis en ligne ou hors ligne.<\/p>\r\n<p>3.2 Prix indiqu\u00e9s sur http:\/\/bolite.xhlcustomer.com\/ ou fourni par des repr\u00e9sentants de http:\/\/bolite.xhlcustomer.com\/ sont sujettes \u00e0 modification sans pr\u00e9avis.<\/p>\r\n<h3>4. Limitation de responsabilit\u00e9<\/h3>\r\n<p>4.1 Tout mat\u00e9riel t\u00e9l\u00e9charg\u00e9 ou autrement obtenu par http:\/\/bolite.xhlcustomer.com\/ est fait \u00e0 chaque utilisateur&#8217; \u00e0 sa seule discr\u00e9tion et risque et chaque Utilisateur est seul responsable de tout dommage http:\/\/bolite.xhlcustomer.com\/  &#8216; syst\u00e8me informatique ou la perte de donn\u00e9es qui peuvent r\u00e9sulter du t\u00e9l\u00e9chargement de tout tel mat\u00e9riel.<\/p>","protected":false},"excerpt":{"rendered":"<p>Sur http:\/\/bolite.xhlcustomer.com\/  (\u00e0 partir de maintenant, sera appel\u00e9 http:\/\/bolite.xhlcustomer.com\/ ), car la vie priv\u00e9e des visiteurs est de notre grave pr\u00e9occupation. Cette page de politique de confidentialit\u00e9 d\u00e9crit le type d'informations personnelles qui peuvent \u00eatre re\u00e7ues et collect\u00e9es par http:\/\/bolite.xhlcustomer.com\/ et comment les informations seront utilis\u00e9es. Annonces sociales et moteurs de recherche Comme beaucoup d'autres sites professionnels, http:\/\/bolite.xhlcustomer.com\/ investir [&hellip;]<\/p>","protected":false},"author":4,"featured_media":0,"parent":0,"menu_order":11,"comment_status":"closed","ping_status":"open","template":"PrivPolicy.php","meta":{"footnotes":""},"class_list":["post-3","page","type-page","status-publish","hentry"],"_links":{"self":[{"href":"https:\/\/www.daihocooling.com\/fr\/wp-json\/wp\/v2\/pages\/3","targetHints":{"allow":["GET"]}}],"collection":[{"href":"https:\/\/www.daihocooling.com\/fr\/wp-json\/wp\/v2\/pages"}],"about":[{"href":"https:\/\/www.daihocooling.com\/fr\/wp-json\/wp\/v2\/types\/page"}],"author":[{"embeddable":true,"href":"https:\/\/www.daihocooling.com\/fr\/wp-json\/wp\/v2\/users\/4"}],"replies":[{"embeddable":true,"href":"https:\/\/www.daihocooling.com\/fr\/wp-json\/wp\/v2\/comments?post=3"}],"version-history":[{"count":2,"href":"https:\/\/www.daihocooling.com\/fr\/wp-json\/wp\/v2\/pages\/3\/revisions"}],"predecessor-version":[{"id":205,"href":"https:\/\/www.daihocooling.com\/fr\/wp-json\/wp\/v2\/pages\/3\/revisions\/205"}],"wp:attachment":[{"href":"https:\/\/www.daihocooling.com\/fr\/wp-json\/wp\/v2\/media?parent=3"}],"curies":[{"name":"WP","href":"https:\/\/api.w.org\/{rel}","templated":true}]}}